{"id":59,"date":"2020-02-11T10:02:28","date_gmt":"2020-02-11T09:02:28","guid":{"rendered":"https:\/\/eco4work.fr\/?page_id=59"},"modified":"2020-08-27T10:37:14","modified_gmt":"2020-08-27T08:37:14","slug":"presentation","status":"publish","type":"page","link":"https:\/\/eco4work.fr\/index.php\/presentation\/","title":{"rendered":"Pr\u00e9sentation"},"content":{"rendered":"\t\t<div data-elementor-type=\"wp-page\" data-elementor-id=\"59\" class=\"elementor elementor-59\">\n\t\t\t\t\t\t<section class=\"elementor-section elementor-top-section elementor-element elementor-element-03b21f9 elementor-section-boxed elementor-section-height-default elementor-section-height-default\" data-id=\"03b21f9\" data-element_type=\"section\" data-e-type=\"section\">\n\t\t\t\t\t\t<div class=\"elementor-container elementor-column-gap-default\">\n\t\t\t\t\t<div class=\"elementor-column elementor-col-50 elementor-top-column elementor-element elementor-element-ffc708b\" data-id=\"ffc708b\" data-element_type=\"column\" data-e-type=\"column\">\n\t\t\t<div class=\"elementor-widget-wrap elementor-element-populated\">\n\t\t\t\t\t\t<div class=\"elementor-element elementor-element-de4174e elementor-widget elementor-widget-heading\" data-id=\"de4174e\" data-element_type=\"widget\" data-e-type=\"widget\" data-widget_type=\"heading.default\">\n\t\t\t\t<div class=\"elementor-widget-container\">\n\t\t\t\t\t<h2 class=\"elementor-heading-title elementor-size-default\">Les espaces de travail<\/h2>\t\t\t\t<\/div>\n\t\t\t\t<\/div>\n\t\t\t\t<div class=\"elementor-element elementor-element-4d34ebb elementor-widget elementor-widget-text-editor\" data-id=\"4d34ebb\" data-element_type=\"widget\" data-e-type=\"widget\" data-widget_type=\"text-editor.default\">\n\t\t\t\t<div class=\"elementor-widget-container\">\n\t\t\t\t\t\t\t\t\t<p>Au 1<sup>er<\/sup>\u00e9tage d\u2019un b\u00e2timent de bureaux, les espaces de travail se divisent en un <strong>open-space de 4 postes de travail<\/strong>, et une <strong>salle de r\u00e9union avec videoprojecteur et paperboard num\u00e9rique pouvant accueillir jusqu\u2019\u00e0 16 personnes<\/strong>.<\/p><p>Chaque poste de travail dispose d&rsquo;un bureau de 160&#215;80 cm \u00e9quip\u00e9 de deux prises de courant et de 2 prises RJ45, d&rsquo;un acc\u00e8s internet Haut d\u00e9bit par Wifi ou par le r\u00e9seau filaire, d&rsquo;un si\u00e8ge ergonomique, et d\u2019un rangement.<\/p><p>Les co-workers peuvent utiliser une zone de d\u00e9tente et restauration au sein d\u2019un espace canap\u00e9, kitchenette + table haute type mange debout. La kitchenette est \u00e9quip\u00e9e de r\u00e9frig\u00e9rateur, plaques de cuisson, micro-ondes, machine \u00e0 caf\u00e9, et \u00e9vier. Le restaurant en rez de chauss\u00e9e du b\u00e2timent \u00ab\u00a0Chez Odette\u00a0\u00bb les accueillera pour d\u00e9jeuner des plats de cuisine traditionnelle faite \u00e0 base de produits locaux.\u00a0<\/p>\t\t\t\t\t\t\t\t<\/div>\n\t\t\t\t<\/div>\n\t\t\t\t\t<\/div>\n\t\t<\/div>\n\t\t\t\t<div class=\"elementor-column elementor-col-50 elementor-top-column elementor-element elementor-element-37c22b9\" data-id=\"37c22b9\" data-element_type=\"column\" data-e-type=\"column\">\n\t\t\t<div class=\"elementor-widget-wrap elementor-element-populated\">\n\t\t\t\t\t\t<div class=\"elementor-element elementor-element-e1bb9fb elementor-widget elementor-widget-image\" data-id=\"e1bb9fb\" data-element_type=\"widget\" data-e-type=\"widget\" data-widget_type=\"image.default\">\n\t\t\t\t<div class=\"elementor-widget-container\">\n\t\t\t\t\t\t\t\t\t\t\t\t\t\t\t<img fetchpriority=\"high\" decoding=\"async\" width=\"1024\" height=\"682\" src=\"https:\/\/eco4work.fr\/wp-content\/uploads\/2020\/02\/MG_0983-1024x682.jpg\" class=\"attachment-large size-large wp-image-579\" alt=\"postes de travail eco4work\" srcset=\"https:\/\/eco4work.fr\/wp-content\/uploads\/2020\/02\/MG_0983-1024x682.jpg 1024w, https:\/\/eco4work.fr\/wp-content\/uploads\/2020\/02\/MG_0983-300x200.jpg 300w, https:\/\/eco4work.fr\/wp-content\/uploads\/2020\/02\/MG_0983-768x512.jpg 768w, https:\/\/eco4work.fr\/wp-content\/uploads\/2020\/02\/MG_0983-1536x1024.jpg 1536w, https:\/\/eco4work.fr\/wp-content\/uploads\/2020\/02\/MG_0983.jpg 2000w\" sizes=\"(max-width: 1024px) 100vw, 1024px\" \/>\t\t\t\t\t\t\t\t\t\t\t\t\t\t\t<\/div>\n\t\t\t\t<\/div>\n\t\t\t\t\t<\/div>\n\t\t<\/div>\n\t\t\t\t\t<\/div>\n\t\t<\/section>\n\t\t\t\t<section class=\"elementor-section elementor-top-section elementor-element elementor-element-08d8da2 elementor-section-boxed elementor-section-height-default elementor-section-height-default\" data-id=\"08d8da2\" data-element_type=\"section\" data-e-type=\"section\">\n\t\t\t\t\t\t<div class=\"elementor-container elementor-column-gap-default\">\n\t\t\t\t\t<div class=\"elementor-column elementor-col-50 elementor-top-column elementor-element elementor-element-5040be0\" data-id=\"5040be0\" data-element_type=\"column\" data-e-type=\"column\">\n\t\t\t<div class=\"elementor-widget-wrap elementor-element-populated\">\n\t\t\t\t\t\t<div class=\"elementor-element elementor-element-8631a88 elementor-widget elementor-widget-image\" data-id=\"8631a88\" data-element_type=\"widget\" data-e-type=\"widget\" data-widget_type=\"image.default\">\n\t\t\t\t<div class=\"elementor-widget-container\">\n\t\t\t\t\t\t\t\t\t\t\t\t\t\t\t<img decoding=\"async\" width=\"1024\" height=\"682\" src=\"https:\/\/eco4work.fr\/wp-content\/uploads\/2020\/02\/MG_1007-1024x682.jpg\" class=\"attachment-large size-large wp-image-562\" alt=\"restauration eco4work\" srcset=\"https:\/\/eco4work.fr\/wp-content\/uploads\/2020\/02\/MG_1007-1024x682.jpg 1024w, https:\/\/eco4work.fr\/wp-content\/uploads\/2020\/02\/MG_1007-300x200.jpg 300w, https:\/\/eco4work.fr\/wp-content\/uploads\/2020\/02\/MG_1007-768x512.jpg 768w, https:\/\/eco4work.fr\/wp-content\/uploads\/2020\/02\/MG_1007-1536x1024.jpg 1536w, https:\/\/eco4work.fr\/wp-content\/uploads\/2020\/02\/MG_1007.jpg 2000w\" sizes=\"(max-width: 1024px) 100vw, 1024px\" \/>\t\t\t\t\t\t\t\t\t\t\t\t\t\t\t<\/div>\n\t\t\t\t<\/div>\n\t\t\t\t\t<\/div>\n\t\t<\/div>\n\t\t\t\t<div class=\"elementor-column elementor-col-50 elementor-top-column elementor-element elementor-element-b025b57\" data-id=\"b025b57\" data-element_type=\"column\" data-e-type=\"column\">\n\t\t\t<div class=\"elementor-widget-wrap elementor-element-populated\">\n\t\t\t\t\t\t<div class=\"elementor-element elementor-element-360e12d elementor-widget elementor-widget-image\" data-id=\"360e12d\" data-element_type=\"widget\" data-e-type=\"widget\" data-widget_type=\"image.default\">\n\t\t\t\t<div class=\"elementor-widget-container\">\n\t\t\t\t\t\t\t\t\t\t\t\t\t\t\t<img decoding=\"async\" width=\"1024\" height=\"682\" src=\"https:\/\/eco4work.fr\/wp-content\/uploads\/2020\/08\/paperboard1-1024x682.jpg\" class=\"attachment-large size-large wp-image-604\" alt=\"eco4work paperboard electronique\" srcset=\"https:\/\/eco4work.fr\/wp-content\/uploads\/2020\/08\/paperboard1-1024x682.jpg 1024w, https:\/\/eco4work.fr\/wp-content\/uploads\/2020\/08\/paperboard1-300x200.jpg 300w, https:\/\/eco4work.fr\/wp-content\/uploads\/2020\/08\/paperboard1-768x512.jpg 768w, https:\/\/eco4work.fr\/wp-content\/uploads\/2020\/08\/paperboard1-1536x1024.jpg 1536w, https:\/\/eco4work.fr\/wp-content\/uploads\/2020\/08\/paperboard1.jpg 2000w\" sizes=\"(max-width: 1024px) 100vw, 1024px\" \/>\t\t\t\t\t\t\t\t\t\t\t\t\t\t\t<\/div>\n\t\t\t\t<\/div>\n\t\t\t\t\t<\/div>\n\t\t<\/div>\n\t\t\t\t\t<\/div>\n\t\t<\/section>\n\t\t\t\t<\/div>\n\t\t","protected":false},"excerpt":{"rendered":"<p>Les espaces de travail Au 1er\u00e9tage d\u2019un b\u00e2timent de bureaux, les espaces de travail se divisent en un open-space de 4 postes de travail, et une salle de r\u00e9union avec videoprojecteur et paperboard num\u00e9rique pouvant accueillir jusqu\u2019\u00e0 16 personnes. Chaque poste de travail dispose d&rsquo;un bureau de 160&#215;80 cm \u00e9quip\u00e9 de deux prises de courant [&hellip;]<\/p>\n","protected":false},"author":2,"featured_media":0,"parent":0,"menu_order":0,"comment_status":"closed","ping_status":"closed","template":"","meta":{"site-sidebar-layout":"no-sidebar","site-content-layout":"page-builder","ast-site-content-layout":"default","site-content-style":"default","site-sidebar-style":"default","ast-global-header-display":"","ast-banner-title-visibility":"","ast-main-header-display":"","ast-hfb-above-header-display":"","ast-hfb-below-header-display":"","ast-hfb-mobile-header-display":"","site-post-title":"disabled","ast-breadcrumbs-content":"","ast-featured-img":"disabled","footer-sml-layout":"","ast-disable-related-posts":"","theme-transparent-header-meta":"default","adv-header-id-meta":"","stick-header-meta":"","header-above-stick-meta":"","header-main-stick-meta":"","header-below-stick-meta":"","astra-migrate-meta-layouts":"default","ast-page-background-enabled":"default","ast-page-background-meta":{"desktop":{"background-color":"","background-image":"","background-repeat":"repeat","background-position":"center center","background-size":"auto","background-attachment":"scroll","background-type":"","background-media":"","overlay-type":"","overlay-color":"","overlay-opacity":"","overlay-gradient":""},"tablet":{"background-color":"","background-image":"","background-repeat":"repeat","background-position":"center center","background-size":"auto","background-attachment":"scroll","background-type":"","background-media":"","overlay-type":"","overlay-color":"","overlay-opacity":"","overlay-gradient":""},"mobile":{"background-color":"","background-image":"","background-repeat":"repeat","background-position":"center center","background-size":"auto","background-attachment":"scroll","background-type":"","background-media":"","overlay-type":"","overlay-color":"","overlay-opacity":"","overlay-gradient":""}},"ast-content-background-meta":{"desktop":{"background-color":"var(--ast-global-color-5)","background-image":"","background-repeat":"repeat","background-position":"center center","background-size":"auto","background-attachment":"scroll","background-type":"","background-media":"","overlay-type":"","overlay-color":"","overlay-opacity":"","overlay-gradient":""},"tablet":{"background-color":"var(--ast-global-color-5)","background-image":"","background-repeat":"repeat","background-position":"center center","background-size":"auto","background-attachment":"scroll","background-type":"","background-media":"","overlay-type":"","overlay-color":"","overlay-opacity":"","overlay-gradient":""},"mobile":{"background-color":"var(--ast-global-color-5)","background-image":"","background-repeat":"repeat","background-position":"center center","background-size":"auto","background-attachment":"scroll","background-type":"","background-media":"","overlay-type":"","overlay-color":"","overlay-opacity":"","overlay-gradient":""}},"footnotes":""},"class_list":["post-59","page","type-page","status-publish","hentry"],"yoast_head":"<!-- This site is optimized with the Yoast SEO plugin v27.5 - https:\/\/yoast.com\/product\/yoast-seo-wordpress\/ -->\n<title>Pr\u00e9sentation - ECO4WORK<\/title>\n<meta name=\"robots\" content=\"index, follow, max-snippet:-1, max-image-preview:large, max-video-preview:-1\" \/>\n<link rel=\"canonical\" href=\"https:\/\/eco4work.fr\/index.php\/presentation\/\" \/>\n<meta property=\"og:locale\" content=\"fr_FR\" \/>\n<meta property=\"og:type\" content=\"article\" \/>\n<meta property=\"og:title\" content=\"Pr\u00e9sentation - ECO4WORK\" \/>\n<meta property=\"og:description\" content=\"Les espaces de travail Au 1er\u00e9tage d\u2019un b\u00e2timent de bureaux, les espaces de travail se divisent en un open-space de 4 postes de travail, et une salle de r\u00e9union avec videoprojecteur et paperboard num\u00e9rique pouvant accueillir jusqu\u2019\u00e0 16 personnes. Chaque poste de travail dispose d&rsquo;un bureau de 160&#215;80 cm \u00e9quip\u00e9 de deux prises de courant [&hellip;]\" \/>\n<meta property=\"og:url\" content=\"https:\/\/eco4work.fr\/index.php\/presentation\/\" \/>\n<meta property=\"og:site_name\" content=\"ECO4WORK\" \/>\n<meta property=\"article:modified_time\" content=\"2020-08-27T08:37:14+00:00\" \/>\n<meta property=\"og:image\" content=\"https:\/\/eco4work.fr\/wp-content\/uploads\/2020\/02\/MG_0983-1024x682.jpg\" \/>\n<meta name=\"twitter:card\" content=\"summary_large_image\" \/>\n<meta name=\"twitter:label1\" content=\"Dur\u00e9e de lecture estim\u00e9e\" \/>\n\t<meta name=\"twitter:data1\" content=\"1 minute\" \/>\n<script type=\"application\/ld+json\" class=\"yoast-schema-graph\">{\"@context\":\"https:\\\/\\\/schema.org\",\"@graph\":[{\"@type\":\"WebPage\",\"@id\":\"https:\\\/\\\/eco4work.fr\\\/index.php\\\/presentation\\\/\",\"url\":\"https:\\\/\\\/eco4work.fr\\\/index.php\\\/presentation\\\/\",\"name\":\"Pr\u00e9sentation - ECO4WORK\",\"isPartOf\":{\"@id\":\"https:\\\/\\\/eco4work.fr\\\/#website\"},\"primaryImageOfPage\":{\"@id\":\"https:\\\/\\\/eco4work.fr\\\/index.php\\\/presentation\\\/#primaryimage\"},\"image\":{\"@id\":\"https:\\\/\\\/eco4work.fr\\\/index.php\\\/presentation\\\/#primaryimage\"},\"thumbnailUrl\":\"https:\\\/\\\/eco4work.fr\\\/wp-content\\\/uploads\\\/2020\\\/02\\\/MG_0983-1024x682.jpg\",\"datePublished\":\"2020-02-11T09:02:28+00:00\",\"dateModified\":\"2020-08-27T08:37:14+00:00\",\"breadcrumb\":{\"@id\":\"https:\\\/\\\/eco4work.fr\\\/index.php\\\/presentation\\\/#breadcrumb\"},\"inLanguage\":\"fr-FR\",\"potentialAction\":[{\"@type\":\"ReadAction\",\"target\":[\"https:\\\/\\\/eco4work.fr\\\/index.php\\\/presentation\\\/\"]}]},{\"@type\":\"ImageObject\",\"inLanguage\":\"fr-FR\",\"@id\":\"https:\\\/\\\/eco4work.fr\\\/index.php\\\/presentation\\\/#primaryimage\",\"url\":\"https:\\\/\\\/eco4work.fr\\\/wp-content\\\/uploads\\\/2020\\\/02\\\/MG_0983.jpg\",\"contentUrl\":\"https:\\\/\\\/eco4work.fr\\\/wp-content\\\/uploads\\\/2020\\\/02\\\/MG_0983.jpg\",\"width\":2000,\"height\":1333,\"caption\":\"postes de travail eco4work\"},{\"@type\":\"BreadcrumbList\",\"@id\":\"https:\\\/\\\/eco4work.fr\\\/index.php\\\/presentation\\\/#breadcrumb\",\"itemListElement\":[{\"@type\":\"ListItem\",\"position\":1,\"name\":\"Accueil\",\"item\":\"https:\\\/\\\/eco4work.fr\\\/\"},{\"@type\":\"ListItem\",\"position\":2,\"name\":\"Pr\u00e9sentation\"}]},{\"@type\":\"WebSite\",\"@id\":\"https:\\\/\\\/eco4work.fr\\\/#website\",\"url\":\"https:\\\/\\\/eco4work.fr\\\/\",\"name\":\"ECO4WORK\",\"description\":\"\",\"publisher\":{\"@id\":\"https:\\\/\\\/eco4work.fr\\\/#organization\"},\"potentialAction\":[{\"@type\":\"SearchAction\",\"target\":{\"@type\":\"EntryPoint\",\"urlTemplate\":\"https:\\\/\\\/eco4work.fr\\\/?s={search_term_string}\"},\"query-input\":{\"@type\":\"PropertyValueSpecification\",\"valueRequired\":true,\"valueName\":\"search_term_string\"}}],\"inLanguage\":\"fr-FR\"},{\"@type\":\"Organization\",\"@id\":\"https:\\\/\\\/eco4work.fr\\\/#organization\",\"name\":\"ECO4WORK\",\"url\":\"https:\\\/\\\/eco4work.fr\\\/\",\"logo\":{\"@type\":\"ImageObject\",\"inLanguage\":\"fr-FR\",\"@id\":\"https:\\\/\\\/eco4work.fr\\\/#\\\/schema\\\/logo\\\/image\\\/\",\"url\":\"https:\\\/\\\/eco4work.fr\\\/wp-content\\\/uploads\\\/2020\\\/02\\\/cropped-eco4work680px-1.png\",\"contentUrl\":\"https:\\\/\\\/eco4work.fr\\\/wp-content\\\/uploads\\\/2020\\\/02\\\/cropped-eco4work680px-1.png\",\"width\":605,\"height\":294,\"caption\":\"ECO4WORK\"},\"image\":{\"@id\":\"https:\\\/\\\/eco4work.fr\\\/#\\\/schema\\\/logo\\\/image\\\/\"}}]}<\/script>\n<!-- \/ Yoast SEO plugin. -->","yoast_head_json":{"title":"Pr\u00e9sentation - ECO4WORK","robots":{"index":"index","follow":"follow","max-snippet":"max-snippet:-1","max-image-preview":"max-image-preview:large","max-video-preview":"max-video-preview:-1"},"canonical":"https:\/\/eco4work.fr\/index.php\/presentation\/","og_locale":"fr_FR","og_type":"article","og_title":"Pr\u00e9sentation - ECO4WORK","og_description":"Les espaces de travail Au 1er\u00e9tage d\u2019un b\u00e2timent de bureaux, les espaces de travail se divisent en un open-space de 4 postes de travail, et une salle de r\u00e9union avec videoprojecteur et paperboard num\u00e9rique pouvant accueillir jusqu\u2019\u00e0 16 personnes. Chaque poste de travail dispose d&rsquo;un bureau de 160&#215;80 cm \u00e9quip\u00e9 de deux prises de courant [&hellip;]","og_url":"https:\/\/eco4work.fr\/index.php\/presentation\/","og_site_name":"ECO4WORK","article_modified_time":"2020-08-27T08:37:14+00:00","og_image":[{"url":"https:\/\/eco4work.fr\/wp-content\/uploads\/2020\/02\/MG_0983-1024x682.jpg","type":"","width":"","height":""}],"twitter_card":"summary_large_image","twitter_misc":{"Dur\u00e9e de lecture estim\u00e9e":"1 minute"},"schema":{"@context":"https:\/\/schema.org","@graph":[{"@type":"WebPage","@id":"https:\/\/eco4work.fr\/index.php\/presentation\/","url":"https:\/\/eco4work.fr\/index.php\/presentation\/","name":"Pr\u00e9sentation - ECO4WORK","isPartOf":{"@id":"https:\/\/eco4work.fr\/#website"},"primaryImageOfPage":{"@id":"https:\/\/eco4work.fr\/index.php\/presentation\/#primaryimage"},"image":{"@id":"https:\/\/eco4work.fr\/index.php\/presentation\/#primaryimage"},"thumbnailUrl":"https:\/\/eco4work.fr\/wp-content\/uploads\/2020\/02\/MG_0983-1024x682.jpg","datePublished":"2020-02-11T09:02:28+00:00","dateModified":"2020-08-27T08:37:14+00:00","breadcrumb":{"@id":"https:\/\/eco4work.fr\/index.php\/presentation\/#breadcrumb"},"inLanguage":"fr-FR","potentialAction":[{"@type":"ReadAction","target":["https:\/\/eco4work.fr\/index.php\/presentation\/"]}]},{"@type":"ImageObject","inLanguage":"fr-FR","@id":"https:\/\/eco4work.fr\/index.php\/presentation\/#primaryimage","url":"https:\/\/eco4work.fr\/wp-content\/uploads\/2020\/02\/MG_0983.jpg","contentUrl":"https:\/\/eco4work.fr\/wp-content\/uploads\/2020\/02\/MG_0983.jpg","width":2000,"height":1333,"caption":"postes de travail eco4work"},{"@type":"BreadcrumbList","@id":"https:\/\/eco4work.fr\/index.php\/presentation\/#breadcrumb","itemListElement":[{"@type":"ListItem","position":1,"name":"Accueil","item":"https:\/\/eco4work.fr\/"},{"@type":"ListItem","position":2,"name":"Pr\u00e9sentation"}]},{"@type":"WebSite","@id":"https:\/\/eco4work.fr\/#website","url":"https:\/\/eco4work.fr\/","name":"ECO4WORK","description":"","publisher":{"@id":"https:\/\/eco4work.fr\/#organization"},"potentialAction":[{"@type":"SearchAction","target":{"@type":"EntryPoint","urlTemplate":"https:\/\/eco4work.fr\/?s={search_term_string}"},"query-input":{"@type":"PropertyValueSpecification","valueRequired":true,"valueName":"search_term_string"}}],"inLanguage":"fr-FR"},{"@type":"Organization","@id":"https:\/\/eco4work.fr\/#organization","name":"ECO4WORK","url":"https:\/\/eco4work.fr\/","logo":{"@type":"ImageObject","inLanguage":"fr-FR","@id":"https:\/\/eco4work.fr\/#\/schema\/logo\/image\/","url":"https:\/\/eco4work.fr\/wp-content\/uploads\/2020\/02\/cropped-eco4work680px-1.png","contentUrl":"https:\/\/eco4work.fr\/wp-content\/uploads\/2020\/02\/cropped-eco4work680px-1.png","width":605,"height":294,"caption":"ECO4WORK"},"image":{"@id":"https:\/\/eco4work.fr\/#\/schema\/logo\/image\/"}}]}},"_links":{"self":[{"href":"https:\/\/eco4work.fr\/index.php\/wp-json\/wp\/v2\/pages\/59","targetHints":{"allow":["GET"]}}],"collection":[{"href":"https:\/\/eco4work.fr\/index.php\/wp-json\/wp\/v2\/pages"}],"about":[{"href":"https:\/\/eco4work.fr\/index.php\/wp-json\/wp\/v2\/types\/page"}],"author":[{"embeddable":true,"href":"https:\/\/eco4work.fr\/index.php\/wp-json\/wp\/v2\/users\/2"}],"replies":[{"embeddable":true,"href":"https:\/\/eco4work.fr\/index.php\/wp-json\/wp\/v2\/comments?post=59"}],"version-history":[{"count":4,"href":"https:\/\/eco4work.fr\/index.php\/wp-json\/wp\/v2\/pages\/59\/revisions"}],"predecessor-version":[{"id":606,"href":"https:\/\/eco4work.fr\/index.php\/wp-json\/wp\/v2\/pages\/59\/revisions\/606"}],"wp:attachment":[{"href":"https:\/\/eco4work.fr\/index.php\/wp-json\/wp\/v2\/media?parent=59"}],"curies":[{"name":"wp","href":"https:\/\/api.w.org\/{rel}","templated":true}]}}